{"id":4069,"date":"2022-06-29T03:45:05","date_gmt":"2022-06-29T03:45:05","guid":{"rendered":"https:\/\/guimagoldhotel.unifycloud.pt\/destino\/"},"modified":"2023-06-06T10:22:43","modified_gmt":"2023-06-06T10:22:43","slug":"destino","status":"publish","type":"page","link":"https:\/\/guimagoldhotel.unifycloud.pt\/es\/destino\/","title":{"rendered":"Destino"},"content":{"rendered":"\t\t<div data-elementor-type=\"wp-page\" data-elementor-id=\"4069\" class=\"elementor elementor-4069 elementor-1093\">\n\t\t\t\t\t\t\t\t\t<section class=\"elementor-section elementor-top-section elementor-element elementor-element-209dd38 elementor-section-boxed elementor-section-height-default elementor-section-height-default wpr-particle-no wpr-jarallax-no wpr-parallax-no wpr-sticky-section-no\" data-id=\"209dd38\" data-element_type=\"section\">\n\t\t\t\t\t\t<div class=\"elementor-container elementor-column-gap-default\">\n\t\t\t\t\t<div class=\"elementor-column elementor-col-100 elementor-top-column elementor-element elementor-element-7e59028\" data-id=\"7e59028\" data-element_type=\"column\">\n\t\t\t<div class=\"elementor-widget-wrap elementor-element-populated\">\n\t\t\t\t\t\t\t\t<div class=\"elementor-element elementor-element-106a549 elementor-widget elementor-widget-heading\" data-id=\"106a549\" data-element_type=\"widget\" data-widget_type=\"heading.default\">\n\t\t\t\t<div class=\"elementor-widget-container\">\n\t\t\t<style>\/*! elementor - v3.13.3 - 28-05-2023 *\/\n.elementor-heading-title{padding:0;margin:0;line-height:1}.elementor-widget-heading .elementor-heading-title[class*=elementor-size-]>a{color:inherit;font-size:inherit;line-height:inherit}.elementor-widget-heading .elementor-heading-title.elementor-size-small{font-size:15px}.elementor-widget-heading .elementor-heading-title.elementor-size-medium{font-size:19px}.elementor-widget-heading .elementor-heading-title.elementor-size-large{font-size:29px}.elementor-widget-heading .elementor-heading-title.elementor-size-xl{font-size:39px}.elementor-widget-heading .elementor-heading-title.elementor-size-xxl{font-size:59px}<\/style><h1 class=\"elementor-heading-title elementor-size-default\">Destinos<\/h1>\t\t<\/div>\n\t\t\t\t<\/div>\n\t\t\t\t<div class=\"elementor-element elementor-element-ed953d0 elementor-widget__width-initial elementor-widget elementor-widget-text-editor\" data-id=\"ed953d0\" data-element_type=\"widget\" data-widget_type=\"text-editor.default\">\n\t\t\t\t<div class=\"elementor-widget-container\">\n\t\t\t<style>\/*! elementor - v3.13.3 - 28-05-2023 *\/\n.elementor-widget-text-editor.elementor-drop-cap-view-stacked .elementor-drop-cap{background-color:#69727d;color:#fff}.elementor-widget-text-editor.elementor-drop-cap-view-framed .elementor-drop-cap{color:#69727d;border:3px solid;background-color:transparent}.elementor-widget-text-editor:not(.elementor-drop-cap-view-default) .elementor-drop-cap{margin-top:8px}.elementor-widget-text-editor:not(.elementor-drop-cap-view-default) .elementor-drop-cap-letter{width:1em;height:1em}.elementor-widget-text-editor .elementor-drop-cap{float:left;text-align:center;line-height:1;font-size:50px}.elementor-widget-text-editor .elementor-drop-cap-letter{display:inline-block}<\/style>\t\t\t\t<p class=\"p1\">La bella \u00abCidade Ber\u00e7o\u00bb presume de monumentos emblem\u00e1ticos de punta a punta. Disfrute de su estancia y aproveche para visitar Guimar\u00e3es, Patrimonio de la Humanidad por la UNESCO.<\/p>\n\t\t\t\t\t\t<\/div>\n\t\t\t\t<\/div>\n\t\t\t\t<div class=\"elementor-element elementor-element-1354beb elementor-widget elementor-widget-image\" data-id=\"1354beb\" data-element_type=\"widget\" data-widget_type=\"image.default\">\n\t\t\t\t<div class=\"elementor-widget-container\">\n\t\t\t<style>\/*! elementor - v3.13.3 - 28-05-2023 *\/\n.elementor-widget-image{text-align:center}.elementor-widget-image a{display:inline-block}.elementor-widget-image a img[src$=\".svg\"]{width:48px}.elementor-widget-image img{vertical-align:middle;display:inline-block}<\/style>\t\t\t\t\t\t\t\t\t\t\t\t<img loading=\"lazy\" decoding=\"async\" width=\"1024\" height=\"512\" src=\"https:\/\/guimagoldhotel.unifycloud.pt\/wp-content\/uploads\/2023\/05\/Castelo_de_Guimaraes-1024x512.jpeg\" class=\"attachment-large size-large wp-image-1367\" alt=\"\" srcset=\"https:\/\/guimagoldhotel.unifycloud.pt\/wp-content\/uploads\/2023\/05\/Castelo_de_Guimaraes-1024x512.jpeg 1024w, https:\/\/guimagoldhotel.unifycloud.pt\/wp-content\/uploads\/2023\/05\/Castelo_de_Guimaraes-300x150.jpeg 300w, https:\/\/guimagoldhotel.unifycloud.pt\/wp-content\/uploads\/2023\/05\/Castelo_de_Guimaraes-768x384.jpeg 768w, https:\/\/guimagoldhotel.unifycloud.pt\/wp-content\/uploads\/2023\/05\/Castelo_de_Guimaraes-1536x768.jpeg 1536w, https:\/\/guimagoldhotel.unifycloud.pt\/wp-content\/uploads\/2023\/05\/Castelo_de_Guimaraes-2048x1024.jpeg 2048w, https:\/\/guimagoldhotel.unifycloud.pt\/wp-content\/uploads\/2023\/05\/Castelo_de_Guimaraes-440x220.jpeg 440w, https:\/\/guimagoldhotel.unifycloud.pt\/wp-content\/uploads\/2023\/05\/Castelo_de_Guimaraes-600x300.jpeg 600w\" sizes=\"auto, (max-width: 1024px) 100vw, 1024px\" \/>\t\t\t\t\t\t\t\t\t\t\t\t\t\t\t<\/div>\n\t\t\t\t<\/div>\n\t\t\t\t\t<\/div>\n\t\t<\/div>\n\t\t\t\t\t\t\t<\/div>\n\t\t<\/section>\n\t\t\t\t<section class=\"elementor-section elementor-top-section elementor-element elementor-element-2d3698f elementor-section-boxed elementor-section-height-default elementor-section-height-default wpr-particle-no wpr-jarallax-no wpr-parallax-no wpr-sticky-section-no\" data-id=\"2d3698f\" data-element_type=\"section\">\n\t\t\t\t\t\t<div class=\"elementor-container elementor-column-gap-default\">\n\t\t\t\t\t<div class=\"elementor-column elementor-col-100 elementor-top-column elementor-element elementor-element-247e793\" data-id=\"247e793\" data-element_type=\"column\">\n\t\t\t<div class=\"elementor-widget-wrap elementor-element-populated\">\n\t\t\t\t\t\t\t\t<div class=\"elementor-element elementor-element-8cff2b0 elementor-widget__width-inherit elementor-widget elementor-widget-heading\" data-id=\"8cff2b0\" data-element_type=\"widget\" data-widget_type=\"heading.default\">\n\t\t\t\t<div class=\"elementor-widget-container\">\n\t\t\t<h2 class=\"elementor-heading-title elementor-size-default\">Castelo de Guimar\u00e3es<\/h2>\t\t<\/div>\n\t\t\t\t<\/div>\n\t\t\t\t<div class=\"elementor-element elementor-element-7fc784e elementor-widget__width-initial elementor-widget elementor-widget-text-editor\" data-id=\"7fc784e\" data-element_type=\"widget\" data-widget_type=\"text-editor.default\">\n\t\t\t\t<div class=\"elementor-widget-container\">\n\t\t\t\t\t\t\t<p class=\"p1\">Es una de las Siete Maravillas de Portugal y se encuentra en Oliveira do Castelo, entre el Campo de S\u00e3o Mamede y el Pa\u00e7o dos Duques de Bragan\u00e7a. Aqu\u00ed naci\u00f3 Portugal, conocido por muchos como un lugar de excelencia que hay que visitar. Esto une los or\u00edgenes de Portugal de forma emblem\u00e1tica.<\/p>\n<p style=\"text-align: center;\"><a style=\"color: #000000;\" href=\"https:\/\/goo.gl\/maps\/T591ZAeQ4MpsqPUi7\" target=\"_blank\" rel=\"noopener\"><span style=\"color: #000;\">Ver en Google Maps \u2794<\/span><\/a><\/p>\n\t\t\t\t\t\t<\/div>\n\t\t\t\t<\/div>\n\t\t\t\t\t<\/div>\n\t\t<\/div>\n\t\t\t\t\t\t\t<\/div>\n\t\t<\/section>\n\t\t\t\t<section class=\"elementor-section elementor-top-section elementor-element elementor-element-e8df059 elementor-section-boxed elementor-section-height-default elementor-section-height-default wpr-particle-no wpr-jarallax-no wpr-parallax-no wpr-sticky-section-no\" data-id=\"e8df059\" data-element_type=\"section\">\n\t\t\t\t\t\t<div class=\"elementor-container elementor-column-gap-default\">\n\t\t\t\t\t<div class=\"elementor-column elementor-col-50 elementor-top-column elementor-element elementor-element-28a712e\" data-id=\"28a712e\" data-element_type=\"column\">\n\t\t\t<div class=\"elementor-widget-wrap elementor-element-populated\">\n\t\t\t\t\t\t\t\t<div class=\"elementor-element elementor-element-37c8cdf elementor-widget__width-inherit elementor-widget elementor-widget-heading\" data-id=\"37c8cdf\" data-element_type=\"widget\" data-widget_type=\"heading.default\">\n\t\t\t\t<div class=\"elementor-widget-container\">\n\t\t\t<h2 class=\"elementor-heading-title elementor-size-default\">Pa\u00e7o dos Duques de Bragan\u00e7a<\/h2>\t\t<\/div>\n\t\t\t\t<\/div>\n\t\t\t\t<div class=\"elementor-element elementor-element-6291d28 elementor-widget__width-inherit elementor-widget elementor-widget-text-editor\" data-id=\"6291d28\" data-element_type=\"widget\" data-widget_type=\"text-editor.default\">\n\t\t\t\t<div class=\"elementor-widget-container\">\n\t\t\t\t\t\t\t<p>Construido en el siglo XVIII. XV por Afonso, el monumento fue reconstruido en 1937. En su interior cuenta con muebles y decoraciones del siglo XVII.<\/p>\n<p style=\"text-align: center;\"><a style=\"color: #000000;\" href=\"https:\/\/goo.gl\/maps\/J8GqmwKAzTi2K7cZ8\" target=\"_blank\" rel=\"noopener\"><span style=\"color: #000;\">Ver en Google Maps \u2794<\/span><\/a><\/p>\n\t\t\t\t\t\t<\/div>\n\t\t\t\t<\/div>\n\t\t\t\t\t<\/div>\n\t\t<\/div>\n\t\t\t\t<div class=\"elementor-column elementor-col-50 elementor-top-column elementor-element elementor-element-f8be674\" data-id=\"f8be674\" data-element_type=\"column\">\n\t\t\t<div class=\"elementor-widget-wrap elementor-element-populated\">\n\t\t\t\t\t\t\t\t<div class=\"elementor-element elementor-element-5980b7f elementor-widget elementor-widget-image\" data-id=\"5980b7f\" data-element_type=\"widget\" data-widget_type=\"image.default\">\n\t\t\t\t<div class=\"elementor-widget-container\">\n\t\t\t\t\t\t\t\t\t\t\t\t\t\t\t<img loading=\"lazy\" decoding=\"async\" width=\"1024\" height=\"681\" src=\"https:\/\/guimagoldhotel.unifycloud.pt\/wp-content\/uploads\/2023\/05\/20191212123503-WztvrDyJ-1024x681.jpeg\" class=\"attachment-large size-large wp-image-1459\" alt=\"\" srcset=\"https:\/\/guimagoldhotel.unifycloud.pt\/wp-content\/uploads\/2023\/05\/20191212123503-WztvrDyJ-1024x681.jpeg 1024w, https:\/\/guimagoldhotel.unifycloud.pt\/wp-content\/uploads\/2023\/05\/20191212123503-WztvrDyJ-300x200.jpeg 300w, https:\/\/guimagoldhotel.unifycloud.pt\/wp-content\/uploads\/2023\/05\/20191212123503-WztvrDyJ-768x511.jpeg 768w, https:\/\/guimagoldhotel.unifycloud.pt\/wp-content\/uploads\/2023\/05\/20191212123503-WztvrDyJ-700x466.jpeg 700w, https:\/\/guimagoldhotel.unifycloud.pt\/wp-content\/uploads\/2023\/05\/20191212123503-WztvrDyJ-440x293.jpeg 440w, https:\/\/guimagoldhotel.unifycloud.pt\/wp-content\/uploads\/2023\/05\/20191212123503-WztvrDyJ-600x399.jpeg 600w, https:\/\/guimagoldhotel.unifycloud.pt\/wp-content\/uploads\/2023\/05\/20191212123503-WztvrDyJ.jpeg 1200w\" sizes=\"auto, (max-width: 1024px) 100vw, 1024px\" \/>\t\t\t\t\t\t\t\t\t\t\t\t\t\t\t<\/div>\n\t\t\t\t<\/div>\n\t\t\t\t<div class=\"elementor-element elementor-element-f200c68 elementor-widget elementor-widget-spacer\" data-id=\"f200c68\" data-element_type=\"widget\" data-widget_type=\"spacer.default\">\n\t\t\t\t<div class=\"elementor-widget-container\">\n\t\t\t<style>\/*! elementor - v3.13.3 - 28-05-2023 *\/\n.elementor-column .elementor-spacer-inner{height:var(--spacer-size)}.e-con{--container-widget-width:100%}.e-con-inner>.elementor-widget-spacer,.e-con>.elementor-widget-spacer{width:var(--container-widget-width,var(--spacer-size));--align-self:var(--container-widget-align-self,initial);--flex-shrink:0}.e-con-inner>.elementor-widget-spacer>.elementor-widget-container,.e-con-inner>.elementor-widget-spacer>.elementor-widget-container>.elementor-spacer,.e-con>.elementor-widget-spacer>.elementor-widget-container,.e-con>.elementor-widget-spacer>.elementor-widget-container>.elementor-spacer{height:100%}.e-con-inner>.elementor-widget-spacer>.elementor-widget-container>.elementor-spacer>.elementor-spacer-inner,.e-con>.elementor-widget-spacer>.elementor-widget-container>.elementor-spacer>.elementor-spacer-inner{height:var(--container-widget-height,var(--spacer-size))}<\/style>\t\t<div class=\"elementor-spacer\">\n\t\t\t<div class=\"elementor-spacer-inner\"><\/div>\n\t\t<\/div>\n\t\t\t\t<\/div>\n\t\t\t\t<\/div>\n\t\t\t\t\t<\/div>\n\t\t<\/div>\n\t\t\t\t\t\t\t<\/div>\n\t\t<\/section>\n\t\t\t\t<section class=\"elementor-section elementor-top-section elementor-element elementor-element-dc4ff8d elementor-section-full_width elementor-section-height-default elementor-section-height-default wpr-particle-no wpr-jarallax-no wpr-parallax-no wpr-sticky-section-no\" data-id=\"dc4ff8d\" data-element_type=\"section\">\n\t\t\t\t\t\t<div class=\"elementor-container elementor-column-gap-default\">\n\t\t\t\t\t<div class=\"elementor-column elementor-col-50 elementor-top-column elementor-element elementor-element-1c70a32\" data-id=\"1c70a32\" data-element_type=\"column\">\n\t\t\t<div class=\"elementor-widget-wrap elementor-element-populated\">\n\t\t\t\t\t\t\t\t<div class=\"elementor-element elementor-element-543d9f6 elementor-widget elementor-widget-image\" data-id=\"543d9f6\" data-element_type=\"widget\" data-widget_type=\"image.default\">\n\t\t\t\t<div class=\"elementor-widget-container\">\n\t\t\t\t\t\t\t\t\t\t\t\t\t\t\t\t<a href=\"https:\/\/guimagoldhotel.unifycloud.pt\/our-rooms\/\">\n\t\t\t\t\t\t\t<img loading=\"lazy\" decoding=\"async\" width=\"1024\" height=\"681\" src=\"https:\/\/guimagoldhotel.unifycloud.pt\/wp-content\/uploads\/2023\/05\/20191212123650-9nofXj3r-1024x681.jpeg\" class=\"attachment-large size-large wp-image-1464\" alt=\"\" srcset=\"https:\/\/guimagoldhotel.unifycloud.pt\/wp-content\/uploads\/2023\/05\/20191212123650-9nofXj3r-1024x681.jpeg 1024w, https:\/\/guimagoldhotel.unifycloud.pt\/wp-content\/uploads\/2023\/05\/20191212123650-9nofXj3r-300x200.jpeg 300w, https:\/\/guimagoldhotel.unifycloud.pt\/wp-content\/uploads\/2023\/05\/20191212123650-9nofXj3r-768x511.jpeg 768w, https:\/\/guimagoldhotel.unifycloud.pt\/wp-content\/uploads\/2023\/05\/20191212123650-9nofXj3r-700x466.jpeg 700w, https:\/\/guimagoldhotel.unifycloud.pt\/wp-content\/uploads\/2023\/05\/20191212123650-9nofXj3r-440x293.jpeg 440w, https:\/\/guimagoldhotel.unifycloud.pt\/wp-content\/uploads\/2023\/05\/20191212123650-9nofXj3r-600x399.jpeg 600w, https:\/\/guimagoldhotel.unifycloud.pt\/wp-content\/uploads\/2023\/05\/20191212123650-9nofXj3r.jpeg 1200w\" sizes=\"auto, (max-width: 1024px) 100vw, 1024px\" \/>\t\t\t\t\t\t\t\t<\/a>\n\t\t\t\t\t\t\t\t\t\t\t\t\t\t\t<\/div>\n\t\t\t\t<\/div>\n\t\t\t\t\t<\/div>\n\t\t<\/div>\n\t\t\t\t<div class=\"elementor-column elementor-col-50 elementor-top-column elementor-element elementor-element-13005e6\" data-id=\"13005e6\" data-element_type=\"column\">\n\t\t\t<div class=\"elementor-widget-wrap elementor-element-populated\">\n\t\t\t\t\t\t\t\t<div class=\"elementor-element elementor-element-7298c52 elementor-widget__width-inherit elementor-widget elementor-widget-heading\" data-id=\"7298c52\" data-element_type=\"widget\" data-widget_type=\"heading.default\">\n\t\t\t\t<div class=\"elementor-widget-container\">\n\t\t\t<h2 class=\"elementor-heading-title elementor-size-default\">Centro Hist\u00f3rico<\/h2>\t\t<\/div>\n\t\t\t\t<\/div>\n\t\t\t\t<div class=\"elementor-element elementor-element-5f83376 elementor-widget__width-inherit elementor-widget elementor-widget-text-editor\" data-id=\"5f83376\" data-element_type=\"widget\" data-widget_type=\"text-editor.default\">\n\t\t\t\t<div class=\"elementor-widget-container\">\n\t\t\t\t\t\t\t<p style=\"text-align: center;\">Construido en el siglo XVIII. XV por Afonso, el monumento fue reconstruido en 1937. En su interior cuenta con muebles y decoraciones del siglo XVII.<\/p>\n<p style=\"text-align: center;\"><a style=\"color: #000000;\" href=\"https:\/\/goo.gl\/maps\/Usrf33SSAyHFyeif7\" target=\"_blank\" rel=\"noopener\"><span style=\"color: #000;\">Ver en Google Maps \u2794<\/span><\/a><\/p>\n\t\t\t\t\t\t<\/div>\n\t\t\t\t<\/div>\n\t\t\t\t\t<\/div>\n\t\t<\/div>\n\t\t\t\t\t\t\t<\/div>\n\t\t<\/section>\n\t\t\t\t<section class=\"elementor-section elementor-top-section elementor-element elementor-element-eb6baec elementor-section-full_width elementor-section-height-default elementor-section-height-default wpr-particle-no wpr-jarallax-no wpr-parallax-no wpr-sticky-section-no\" data-id=\"eb6baec\" data-element_type=\"section\">\n\t\t\t\t\t\t<div class=\"elementor-container elementor-column-gap-default\">\n\t\t\t\t\t<div class=\"elementor-column elementor-col-50 elementor-top-column elementor-element elementor-element-b550fe9\" data-id=\"b550fe9\" data-element_type=\"column\">\n\t\t\t<div class=\"elementor-widget-wrap elementor-element-populated\">\n\t\t\t\t\t\t\t\t<div class=\"elementor-element elementor-element-1e511e5 elementor-widget__width-inherit elementor-widget elementor-widget-heading\" data-id=\"1e511e5\" data-element_type=\"widget\" data-widget_type=\"heading.default\">\n\t\t\t\t<div class=\"elementor-widget-container\">\n\t\t\t<h2 class=\"elementor-heading-title elementor-size-default\">Termas das Caldas das Taipas<\/h2>\t\t<\/div>\n\t\t\t\t<\/div>\n\t\t\t\t<div class=\"elementor-element elementor-element-3b855d9 elementor-widget__width-inherit elementor-widget elementor-widget-text-editor\" data-id=\"3b855d9\" data-element_type=\"widget\" data-widget_type=\"text-editor.default\">\n\t\t\t\t<div class=\"elementor-widget-container\">\n\t\t\t\t\t\t\t<p style=\"text-align: center;\">El lugar ideal para recargar las pilas Los balnearios termales son una oportunidad para el descanso, para la revitalizaci\u00f3n. Una parada tranquila.<\/p>\n<p style=\"text-align: center;\"><a style=\"color: #000000;\" href=\"https:\/\/goo.gl\/maps\/5H2qqe1SpZRhmCZP9\" target=\"_blank\" rel=\"noopener\"><span style=\"color: #000;\">Ver en Google Maps \u2794<\/span><\/a><\/p>\n\t\t\t\t\t\t<\/div>\n\t\t\t\t<\/div>\n\t\t\t\t\t<\/div>\n\t\t<\/div>\n\t\t\t\t<div class=\"elementor-column elementor-col-50 elementor-top-column elementor-element elementor-element-7bcf36b\" data-id=\"7bcf36b\" data-element_type=\"column\">\n\t\t\t<div class=\"elementor-widget-wrap elementor-element-populated\">\n\t\t\t\t\t\t\t\t<div class=\"elementor-element elementor-element-84a1da2 elementor-widget elementor-widget-image\" data-id=\"84a1da2\" data-element_type=\"widget\" data-widget_type=\"image.default\">\n\t\t\t\t<div class=\"elementor-widget-container\">\n\t\t\t\t\t\t\t\t\t\t\t\t\t\t\t\t<a href=\"https:\/\/guimagoldhotel.unifycloud.pt\/restaurant\">\n\t\t\t\t\t\t\t<img loading=\"lazy\" decoding=\"async\" width=\"1024\" height=\"683\" src=\"https:\/\/guimagoldhotel.unifycloud.pt\/wp-content\/uploads\/2023\/05\/taipas_termas_7851x-1024x683.jpeg\" class=\"attachment-large size-large wp-image-1465\" alt=\"\" srcset=\"https:\/\/guimagoldhotel.unifycloud.pt\/wp-content\/uploads\/2023\/05\/taipas_termas_7851x-1024x683.jpeg 1024w, https:\/\/guimagoldhotel.unifycloud.pt\/wp-content\/uploads\/2023\/05\/taipas_termas_7851x-300x200.jpeg 300w, https:\/\/guimagoldhotel.unifycloud.pt\/wp-content\/uploads\/2023\/05\/taipas_termas_7851x-768x512.jpeg 768w, https:\/\/guimagoldhotel.unifycloud.pt\/wp-content\/uploads\/2023\/05\/taipas_termas_7851x-1536x1025.jpeg 1536w, https:\/\/guimagoldhotel.unifycloud.pt\/wp-content\/uploads\/2023\/05\/taipas_termas_7851x-2048x1366.jpeg 2048w, https:\/\/guimagoldhotel.unifycloud.pt\/wp-content\/uploads\/2023\/05\/taipas_termas_7851x-700x466.jpeg 700w, https:\/\/guimagoldhotel.unifycloud.pt\/wp-content\/uploads\/2023\/05\/taipas_termas_7851x-440x294.jpeg 440w, https:\/\/guimagoldhotel.unifycloud.pt\/wp-content\/uploads\/2023\/05\/taipas_termas_7851x-600x400.jpeg 600w\" sizes=\"auto, (max-width: 1024px) 100vw, 1024px\" \/>\t\t\t\t\t\t\t\t<\/a>\n\t\t\t\t\t\t\t\t\t\t\t\t\t\t\t<\/div>\n\t\t\t\t<\/div>\n\t\t\t\t\t<\/div>\n\t\t<\/div>\n\t\t\t\t\t\t\t<\/div>\n\t\t<\/section>\n\t\t\t\t<section class=\"elementor-section elementor-top-section elementor-element elementor-element-c0cc70b elementor-section-full_width elementor-section-height-default elementor-section-height-default wpr-particle-no wpr-jarallax-no wpr-parallax-no wpr-sticky-section-no\" data-id=\"c0cc70b\" data-element_type=\"section\">\n\t\t\t\t\t\t<div class=\"elementor-container elementor-column-gap-default\">\n\t\t\t\t\t<div class=\"elementor-column elementor-col-50 elementor-top-column elementor-element elementor-element-960b519\" data-id=\"960b519\" data-element_type=\"column\">\n\t\t\t<div class=\"elementor-widget-wrap elementor-element-populated\">\n\t\t\t\t\t\t\t\t<div class=\"elementor-element elementor-element-a26a8be elementor-widget elementor-widget-image\" data-id=\"a26a8be\" data-element_type=\"widget\" data-widget_type=\"image.default\">\n\t\t\t\t<div class=\"elementor-widget-container\">\n\t\t\t\t\t\t\t\t\t\t\t\t\t\t\t\t<a href=\"https:\/\/guimagoldhotel.unifycloud.pt\/our-rooms\/\">\n\t\t\t\t\t\t\t<img loading=\"lazy\" decoding=\"async\" width=\"1024\" height=\"683\" src=\"https:\/\/guimagoldhotel.unifycloud.pt\/wp-content\/uploads\/2023\/05\/parque_taipas20__0013-1024x683.jpeg\" class=\"attachment-large size-large wp-image-1466\" alt=\"\" srcset=\"https:\/\/guimagoldhotel.unifycloud.pt\/wp-content\/uploads\/2023\/05\/parque_taipas20__0013-1024x683.jpeg 1024w, https:\/\/guimagoldhotel.unifycloud.pt\/wp-content\/uploads\/2023\/05\/parque_taipas20__0013-300x200.jpeg 300w, https:\/\/guimagoldhotel.unifycloud.pt\/wp-content\/uploads\/2023\/05\/parque_taipas20__0013-768x512.jpeg 768w, https:\/\/guimagoldhotel.unifycloud.pt\/wp-content\/uploads\/2023\/05\/parque_taipas20__0013-1536x1024.jpeg 1536w, https:\/\/guimagoldhotel.unifycloud.pt\/wp-content\/uploads\/2023\/05\/parque_taipas20__0013-2048x1366.jpeg 2048w, https:\/\/guimagoldhotel.unifycloud.pt\/wp-content\/uploads\/2023\/05\/parque_taipas20__0013-700x466.jpeg 700w, https:\/\/guimagoldhotel.unifycloud.pt\/wp-content\/uploads\/2023\/05\/parque_taipas20__0013-440x293.jpeg 440w, https:\/\/guimagoldhotel.unifycloud.pt\/wp-content\/uploads\/2023\/05\/parque_taipas20__0013-600x400.jpeg 600w\" sizes=\"auto, (max-width: 1024px) 100vw, 1024px\" \/>\t\t\t\t\t\t\t\t<\/a>\n\t\t\t\t\t\t\t\t\t\t\t\t\t\t\t<\/div>\n\t\t\t\t<\/div>\n\t\t\t\t\t<\/div>\n\t\t<\/div>\n\t\t\t\t<div class=\"elementor-column elementor-col-50 elementor-top-column elementor-element elementor-element-d9b1a3d\" data-id=\"d9b1a3d\" data-element_type=\"column\">\n\t\t\t<div class=\"elementor-widget-wrap elementor-element-populated\">\n\t\t\t\t\t\t\t\t<div class=\"elementor-element elementor-element-8d7339e elementor-widget__width-inherit elementor-widget elementor-widget-heading\" data-id=\"8d7339e\" data-element_type=\"widget\" data-widget_type=\"heading.default\">\n\t\t\t\t<div class=\"elementor-widget-container\">\n\t\t\t<h2 class=\"elementor-heading-title elementor-size-default\">Parque das Caldas das Taipas<\/h2>\t\t<\/div>\n\t\t\t\t<\/div>\n\t\t\t\t<div class=\"elementor-element elementor-element-b66745c elementor-widget__width-inherit elementor-widget elementor-widget-text-editor\" data-id=\"b66745c\" data-element_type=\"widget\" data-widget_type=\"text-editor.default\">\n\t\t\t\t<div class=\"elementor-widget-container\">\n\t\t\t\t\t\t\t<p style=\"text-align: center;\">Una puerta a la naturaleza, un refugio verde. Un parque ideal para pasear y hacer picnic. Lleno de bellos paisajes, aqu\u00ed la naturaleza es un para\u00edso.<\/p>\n<p style=\"text-align: center;\"><a style=\"color: #000000;\" href=\"https:\/\/goo.gl\/maps\/a6LCeHeD1fNmLeTAA\" target=\"_blank\" rel=\"noopener\"><span style=\"color: #000;\">Ver en Google Maps \u2794<\/span><\/a><\/p>\n\t\t\t\t\t\t<\/div>\n\t\t\t\t<\/div>\n\t\t\t\t\t<\/div>\n\t\t<\/div>\n\t\t\t\t\t\t\t<\/div>\n\t\t<\/section>\n\t\t\t\t\t\t\t<\/div>\n\t\t","protected":false},"excerpt":{"rendered":"<p>Destinos La bella \u00abCidade Ber\u00e7o\u00bb presume de monumentos emblem\u00e1ticos de punta a punta. Disfrute de su estancia y aproveche para visitar Guimar\u00e3es, Patrimonio de la Humanidad por la UNESCO. Castelo de Guimar\u00e3es Es una de las Siete Maravillas de Portugal [&hellip;]<\/p>\n","protected":false},"author":1,"featured_media":0,"parent":0,"menu_order":0,"comment_status":"closed","ping_status":"closed","template":"elementor_header_footer","meta":{"footnotes":""},"class_list":["post-4069","page","type-page","status-publish","hentry"],"aioseo_notices":[],"_links":{"self":[{"href":"https:\/\/guimagoldhotel.unifycloud.pt\/es\/wp-json\/wp\/v2\/pages\/4069","targetHints":{"allow":["GET"]}}],"collection":[{"href":"https:\/\/guimagoldhotel.unifycloud.pt\/es\/wp-json\/wp\/v2\/pages"}],"about":[{"href":"https:\/\/guimagoldhotel.unifycloud.pt\/es\/wp-json\/wp\/v2\/types\/page"}],"author":[{"embeddable":true,"href":"https:\/\/guimagoldhotel.unifycloud.pt\/es\/wp-json\/wp\/v2\/users\/1"}],"replies":[{"embeddable":true,"href":"https:\/\/guimagoldhotel.unifycloud.pt\/es\/wp-json\/wp\/v2\/comments?post=4069"}],"version-history":[{"count":0,"href":"https:\/\/guimagoldhotel.unifycloud.pt\/es\/wp-json\/wp\/v2\/pages\/4069\/revisions"}],"wp:attachment":[{"href":"https:\/\/guimagoldhotel.unifycloud.pt\/es\/wp-json\/wp\/v2\/media?parent=4069"}],"curies":[{"name":"wp","href":"https:\/\/api.w.org\/{rel}","templated":true}]}}